{"id":83,"date":"2014-05-02T13:28:24","date_gmt":"2014-05-02T13:28:24","guid":{"rendered":"http:\/\/artigamtos.lt\/WP\/?page_id=83"},"modified":"2014-08-20T11:25:12","modified_gmt":"2014-08-20T11:25:12","slug":"apie-lietuva","status":"publish","type":"page","link":"https:\/\/www.artigamtos.lt\/?page_id=83","title":{"rendered":"Lietuva"},"content":{"rendered":"<p>&nbsp;<\/p>\n<p>&nbsp;<\/p>\n<figure id=\"attachment_163\" class=\"thumbnail wp-caption aligncenter\" style=\"width: 300px\"><a href=\"http:\/\/www.artigamtos.lt\/wp-content\/uploads\/2014\/08\/IMG_1599_resized.jpg\" rel=\"lightbox\" title=\"Lietuva\"><img decoding=\"async\" loading=\"lazy\" class=\"wp-image-163 size-medium\" src=\"http:\/\/www.artigamtos.lt\/wp-content\/uploads\/2014\/08\/IMG_1599_resized-300x200.jpg\" alt=\"IMG_1599_resized\" width=\"300\" height=\"200\" srcset=\"https:\/\/www.artigamtos.lt\/wp-content\/uploads\/2014\/08\/IMG_1599_resized-300x200.jpg 300w, https:\/\/www.artigamtos.lt\/wp-content\/uploads\/2014\/08\/IMG_1599_resized-1024x682.jpg 1024w, https:\/\/www.artigamtos.lt\/wp-content\/uploads\/2014\/08\/IMG_1599_resized.jpg 1068w\" sizes=\"(max-width: 300px) 100vw, 300px\" \/><\/a><figcaption class=\"caption wp-caption-text\">M\u016brinis koplytstulpis (Wayside shrine)<\/figcaption><\/figure>\n<figure id=\"attachment_162\" class=\"thumbnail wp-caption aligncenter\" style=\"width: 300px\"><a href=\"http:\/\/www.artigamtos.lt\/wp-content\/uploads\/2014\/08\/IMG_1508-fixedresized.jpg\" rel=\"lightbox\" title=\"Lietuva\"><img decoding=\"async\" loading=\"lazy\" class=\"size-medium wp-image-162\" src=\"http:\/\/www.artigamtos.lt\/wp-content\/uploads\/2014\/08\/IMG_1508-fixedresized-300x200.jpg\" alt=\"Zapy\u0161kio\" width=\"300\" height=\"200\" srcset=\"https:\/\/www.artigamtos.lt\/wp-content\/uploads\/2014\/08\/IMG_1508-fixedresized-300x200.jpg 300w, https:\/\/www.artigamtos.lt\/wp-content\/uploads\/2014\/08\/IMG_1508-fixedresized-1024x682.jpg 1024w, https:\/\/www.artigamtos.lt\/wp-content\/uploads\/2014\/08\/IMG_1508-fixedresized.jpg 1068w\" sizes=\"(max-width: 300px) 100vw, 300px\" \/><\/a><figcaption class=\"caption wp-caption-text\">Zapy\u0161kio ba\u017eny\u010dia<\/figcaption><\/figure>\n<figure id=\"attachment_164\" class=\"thumbnail wp-caption aligncenter\" style=\"width: 300px\"><a href=\"http:\/\/www.artigamtos.lt\/wp-content\/uploads\/2014\/08\/IMG_1610_resized.jpg\" rel=\"lightbox\" title=\"Lietuva\"><img decoding=\"async\" loading=\"lazy\" class=\"wp-image-164 size-medium\" src=\"http:\/\/www.artigamtos.lt\/wp-content\/uploads\/2014\/08\/IMG_1610_resized-300x200.jpg\" alt=\"IMG_1610_resized\" width=\"300\" height=\"200\" srcset=\"https:\/\/www.artigamtos.lt\/wp-content\/uploads\/2014\/08\/IMG_1610_resized-300x200.jpg 300w, https:\/\/www.artigamtos.lt\/wp-content\/uploads\/2014\/08\/IMG_1610_resized-1024x682.jpg 1024w, https:\/\/www.artigamtos.lt\/wp-content\/uploads\/2014\/08\/IMG_1610_resized.jpg 1068w\" sizes=\"(max-width: 300px) 100vw, 300px\" \/><\/a><figcaption class=\"caption wp-caption-text\">M\u016brinis koplytstulpis (Wayside shrine)<\/figcaption><\/figure>\n","protected":false},"excerpt":{"rendered":"<p>&nbsp; &nbsp;<\/p>\n","protected":false},"author":1,"featured_media":0,"parent":0,"menu_order":0,"comment_status":"open","ping_status":"open","template":"","meta":[],"_links":{"self":[{"href":"https:\/\/www.artigamtos.lt\/index.php?rest_route=\/wp\/v2\/pages\/83"}],"collection":[{"href":"https:\/\/www.artigamtos.lt\/index.php?rest_route=\/wp\/v2\/pages"}],"about":[{"href":"https:\/\/www.artigamtos.lt\/index.php?rest_route=\/wp\/v2\/types\/page"}],"author":[{"embeddable":true,"href":"https:\/\/www.artigamtos.lt\/index.php?rest_route=\/wp\/v2\/users\/1"}],"replies":[{"embeddable":true,"href":"https:\/\/www.artigamtos.lt\/index.php?rest_route=%2Fwp%2Fv2%2Fcomments&post=83"}],"version-history":[{"count":6,"href":"https:\/\/www.artigamtos.lt\/index.php?rest_route=\/wp\/v2\/pages\/83\/revisions"}],"predecessor-version":[{"id":176,"href":"https:\/\/www.artigamtos.lt\/index.php?rest_route=\/wp\/v2\/pages\/83\/revisions\/176"}],"wp:attachment":[{"href":"https:\/\/www.artigamtos.lt\/index.php?rest_route=%2Fwp%2Fv2%2Fmedia&parent=83"}],"curies":[{"name":"wp","href":"https:\/\/api.w.org\/{rel}","templated":true}]}}