{"id":77,"date":"2014-05-02T13:26:17","date_gmt":"2014-05-02T13:26:17","guid":{"rendered":"http:\/\/artigamtos.lt\/WP\/?page_id=77"},"modified":"2015-04-15T12:57:54","modified_gmt":"2015-04-15T12:57:54","slug":"laisvalaikis","status":"publish","type":"page","link":"https:\/\/www.artigamtos.lt\/?page_id=77","title":{"rendered":"Laisvalaikis"},"content":{"rendered":"<figure id=\"attachment_217\" class=\"thumbnail wp-caption alignright\" style=\"width: 300px\"><a href=\"http:\/\/www.artigamtos.lt\/wp-content\/uploads\/2014\/05\/IMG_2741-vi.jpg\" rel=\"lightbox\" title=\"Laisvalaikis\"><img decoding=\"async\" loading=\"lazy\" class=\"wp-image-217 size-medium\" src=\"http:\/\/www.artigamtos.lt\/wp-content\/uploads\/2014\/05\/IMG_2741-vi-300x225.jpg\" alt=\"\u017deimena\" width=\"300\" height=\"225\" srcset=\"https:\/\/www.artigamtos.lt\/wp-content\/uploads\/2014\/05\/IMG_2741-vi-300x225.jpg 300w, https:\/\/www.artigamtos.lt\/wp-content\/uploads\/2014\/05\/IMG_2741-vi.jpg 500w\" sizes=\"(max-width: 300px) 100vw, 300px\" \/><\/a><figcaption class=\"caption wp-caption-text\">Lietuvos d\u017eiungli\u0173 up\u0117- \u017deimena<\/figcaption><\/figure>\n<p style=\"text-align: left;\"><strong>\u00a0 \u00a0 \u00a0 \u00a0 \u00a0 \u00a0 \u00a0 \u00a0 \u00a0 \u00a0 \u00a0 \u00a0 \u00a0 \u00a0 \u00a0 \u00a0Baidar\u0117s\u00a0<\/strong><\/p>\n<p style=\"text-align: left;\"><em><span style=\"color: #252525;\">\u00a0 \u00a0 \u00a0 \u00a0 \u00a0 \u00a0 \u00a0 \u00a0 \u00a0Kvie\u010diame leistis \u012f baidari\u0173 \u017eyg\u012f! <\/span><\/em><\/p>\n<p style=\"text-align: left;\"><span style=\"color: #252525;\">Pro sodyb\u0105 tekanti \u012fstabaus gro\u017eio up\u0117 -puiki pramoga ne tik <\/span><\/p>\n<p style=\"text-align: left;\"><span style=\"color: #252525;\">atsigaivinti po vasaros kaitros. \u017deimenos up\u0117- tai tipi\u0161ka <\/span><\/p>\n<p style=\"text-align: left;\"><span style=\"color: #252525;\">Auk\u0161taitijos<\/span><span style=\"color: #252525;\">\u00a0up\u0117, tekanti pro sm\u0117l\u0117tus ir skardingus pu\u0161ynus,<\/span><\/p>\n<p style=\"text-align: left;\"><span style=\"color: #252525;\"> neretai \u012fvingiuojanti ir \u012f alksniais apaugusias pelkes.Taip pat,<\/span><\/p>\n<p style=\"text-align: left;\"><span style=\"color: #252525;\">tai viena i\u0161 srauniausi\u0173\u00a0bei \u0161variausi\u0173\u00a0Lietuvos upi\u0173, tod\u0117l <\/span><\/p>\n<p style=\"text-align: left;\"><span style=\"color: #252525;\">plaukimas\u00a0ja baidar\u0117mis\u00a0<\/span><span style=\"color: #252525;\">ypa\u010d \u012ftraukiantis, kartais reikalaujatis<\/span><\/p>\n<p style=\"text-align: left;\"><span style=\"color: #252525;\">\u00a0i\u0161tverm\u0117s\u00a0<\/span>bei pasiruo\u0161imo.<\/p>\n<p style=\"text-align: left;\"><strong>\u00a0 \u00a0 \u00a0 \u00a0 \u00a0 \u00a0 \u00a0 \u00a0 \u00a0 \u00a0 \u00a0<\/strong><\/p>\n<p><strong> \u00a0 \u00a0 \u00a0 \u00a0 \u00a0 \u00a0 \u00a0 \u00a0 \u00a0 \u00a0 \u00a0 \u00a0 \u00a0 \u00a0 \u00a0 \u00a0 \u00a0 \u00a0 \u00a0 \u00a0 \u00a0 \u00a0 <\/strong><\/p>\n<p><strong>\u00a0 \u00a0 \u00a0 \u00a0 \u00a0 \u00a0 \u00a0 \u00a0 \u00a0 \u00a0 \u00a0 \u00a0 \u00a0 \u00a0 \u00a0 \u00a0 \u00a0 \u00a0Dvira\u010di\u0173 \u017eygis<\/strong><\/p>\n<p><em>\u00a0 \u00a0 \u00a0 \u00a0 \u00a0 \u00a0 \u00a0 \u00a0 \u00a0 \u00a0 \u00a0Pral\u0117k mi\u0161ko takeliu, aplenk v\u0117j\u0105!\u00a0<\/em><\/p>\n<figure id=\"attachment_222\" class=\"thumbnail wp-caption alignright\" style=\"width: 300px\"><a href=\"http:\/\/www.artigamtos.lt\/wp-content\/uploads\/2015\/04\/IMG_0075-1024x682.jpg\" rel=\"lightbox\" title=\"Laisvalaikis\"><img decoding=\"async\" loading=\"lazy\" class=\"wp-image-222 size-medium\" src=\"http:\/\/www.artigamtos.lt\/wp-content\/uploads\/2015\/04\/IMG_0075-1024x682-300x199.jpg\" alt=\"\" width=\"300\" height=\"200\" \/><\/a><figcaption class=\"caption wp-caption-text\">\u017dygis dvira\u010diais<\/figcaption><\/figure>\n<p>Dru\u017eili\u0173 kaimo ir \u017deimenos up\u0117s apylink\u0117se gausu lankytin\u0173 objekt\u0173.<\/p>\n<p>Kuo gilyn \u012f samanomis ir pu\u0161imis kvepiant\u012f mi\u0161k\u0105, tuo labiau priart\u0117jame<\/p>\n<p>prie \u012fsp\u016bdingos \u00a0bei energeti\u0161kai stiprios vietos- santakos. \u010cia regime<\/p>\n<p>kaip \u017deimena \u012fteka \u012f Ner\u012f- antr\u0105j\u0105 pagal ilg\u012f Lietuvos up\u0119. \u010cia rasime traukinio<\/p>\n<p>b\u0117gius ir net kelet\u0105 tilt\u0173, vienas j\u0173- \u00a0be\u017ed\u017eioni\u0173 tiltas- \u012fsupuos ir u\u017eli\u016bliuos jus<\/p>\n<p>savo giesm\u0117mis. Keliaujant \u012f kit\u0105 pus\u0119, netrukus pasieksite\u00a0&#8220;Dru\u017eili\u0173 rekreacin\u0119<\/p>\n<p>zon\u0105&#8221;, kur\u00a0mi\u0161ko apsupty\u00a0\u00a0\u012frengtos net kelios poilsin\u0117s, \u00a0gausu tradicini\u0173 i\u0161<\/p>\n<p>med\u017eio i\u0161dro\u017et\u0173 skulpt\u016br\u0173.<\/p>\n<p style=\"text-align: center;\"><strong>\u00a0 \u00a0 \u00a0 \u00a0 \u00a0 \u00a0 \u00a0 \u00a0 \u00a0 \u00a0 \u00a0 \u00a0 \u00a0 \u00a0 \u00a0<\/strong><\/p>\n<p><strong>\u00a0 \u00a0 \u00a0 \u00a0 \u00a0 \u00a0 \u00a0 \u00a0 \u00a0 \u00a0 \u00a0 \u00a0 \u00a0 \u00a0 \u00a0 \u00a0 \u00a0 \u00a0 \u00a0 \u00a0 \u00a0 \u00a0 \u00a0 \u00a0 \u00a0 \u00a0<\/strong><\/p>\n<p><strong>\u00a0 \u00a0 \u00a0 \u00a0 \u00a0 \u00a0 \u00a0 \u00a0 \u00a0 \u00a0 \u00a0 \u00a0 \u00a0 \u00a0 \u00a0 \u00a0 \u00a0 \u00a0 \u00a0 \u00a0 \u00a0 \u00a0<\/strong><strong>\u00a0\u017dvejyba<a href=\"http:\/\/www.artigamtos.lt\/wp-content\/uploads\/2014\/05\/asveja.jpg\" rel=\"lightbox\" title=\"Laisvalaikis\"><img decoding=\"async\" loading=\"lazy\" class=\"alignright  wp-image-376\" src=\"http:\/\/www.artigamtos.lt\/wp-content\/uploads\/2014\/05\/asveja-300x190.jpg\" alt=\"asveja\" width=\"295\" height=\"187\" srcset=\"https:\/\/www.artigamtos.lt\/wp-content\/uploads\/2014\/05\/asveja-300x190.jpg 300w, https:\/\/www.artigamtos.lt\/wp-content\/uploads\/2014\/05\/asveja-80x50.jpg 80w, https:\/\/www.artigamtos.lt\/wp-content\/uploads\/2014\/05\/asveja.jpg 448w\" sizes=\"(max-width: 295px) 100vw, 295px\" \/><\/a><\/strong><\/p>\n<p style=\"text-align: left;\"><em>\u00a0 \u00a0 \u00a0 \u00a0 \u00a0 \u00a0 Ar jau bandei susi\u017evejoti sau vakarien\u0119?<\/em><\/p>\n<p>Pabuvimas su gamta, susitelkimas, meditacija- \u0161tai tikrasis \u017evejybos<\/p>\n<p>apib\u016bdinimas.\u017deimenos up\u0117 -viena \u0161variausi\u0173 Lietuvos upi\u0173, joje n\u0117ra<\/p>\n<p>u\u017etvank\u0173 tod\u0117l ji priskiriama prie pagrindini\u0173 Lietuvos la\u0161i\u0161ini\u0173 \u017euv\u0173 ner\u0161tavie\u010di\u0173.<\/p>\n<p>Taip pat netoliese esti gra\u017eus Asvejos e\u017eeras &#8211; tai did\u017eiausi\u0105 ilg\u012f turintis Lietuvos<\/p>\n<p>e\u017eeras. Jame\u00a0sugaunama 14 \u017euv\u0173 r\u016b\u0161i\u0173: e\u0161eriai,auk\u0161l\u0117s,\u00a0karosai,\u00a0lydekos,<\/p>\n<p>kar\u0161iai, lynai,\u00a0menk\u0117s,\u00a0p\u016bg\u017eliai,\u00a0seliavos,\u00a0raud\u0117s,\u00a0\u0161apalai, stintos,\u00a0v\u0117g\u0117les,unguriai.<\/p>\n<p style=\"text-align: center;\"><strong>\u00a0 \u00a0 \u00a0 \u00a0 \u00a0 \u00a0 \u00a0 \u00a0 \u00a0 \u00a0 \u00a0 \u00a0 \u00a0 \u00a0 \u00a0 \u00a0 \u00a0 \u00a0 \u00a0 \u00a0 \u00a0<\/strong><\/p>\n<p style=\"text-align: left;\"><strong>\u00a0 \u00a0 \u00a0 \u00a0 \u00a0 \u00a0 \u00a0 \u00a0 \u00a0 \u00a0 \u00a0 \u00a0 \u00a0 \u00a0 \u00a0 \u00a0 \u00a0 \u00a0 \u00a0 \u00a0 \u00a0<\/strong><\/p>\n<p style=\"text-align: left;\"><strong>\u00a0 \u00a0 \u00a0 \u00a0 \u00a0 \u00a0 \u00a0 \u00a0 \u00a0 \u00a0 \u00a0 \u00a0 \u00a0 \u00a0 \u00a0 \u00a0 \u00a0 \u00a0 \u00a0 \u00a0 \u00a0<\/strong><\/p>\n<p><strong>\u00a0 \u00a0 \u00a0 \u00a0 \u00a0 \u00a0 \u00a0 \u00a0 \u00a0 \u00a0 \u00a0 \u00a0 \u00a0 \u00a0 \u00a0 \u00a0 \u00a0Grybavimas bei uogavimas<\/strong><\/p>\n<p><em>\u00a0 \u00a0 \u00a0 \u00a0 \u00a0 \u00a0 \u00a0 \u00a0 \u00a0 \u00a0 \u00a0 \u00a0 \u00a0 \u00a0 \u00a0 \u00a0 \u00a0 \u00a0 \u00a0 \u00a0 Atrask gamtos perlus!<\/em><\/p>\n<figure id=\"attachment_180\" class=\"thumbnail wp-caption alignright\" style=\"width: 300px\"><a href=\"http:\/\/www.artigamtos.lt\/wp-content\/uploads\/2014\/09\/IMG_3944resized.jpg\" rel=\"lightbox\" title=\"Laisvalaikis\"><img decoding=\"async\" loading=\"lazy\" class=\"wp-image-180 size-medium\" src=\"http:\/\/www.artigamtos.lt\/wp-content\/uploads\/2014\/09\/IMG_3944resized-300x200.jpg\" alt=\"IMG_3944(resized)\" width=\"300\" height=\"200\" srcset=\"https:\/\/www.artigamtos.lt\/wp-content\/uploads\/2014\/09\/IMG_3944resized-300x200.jpg 300w, https:\/\/www.artigamtos.lt\/wp-content\/uploads\/2014\/09\/IMG_3944resized-1024x682.jpg 1024w, https:\/\/www.artigamtos.lt\/wp-content\/uploads\/2014\/09\/IMG_3944resized.jpg 1068w\" sizes=\"(max-width: 300px) 100vw, 300px\" \/><\/a><figcaption class=\"caption wp-caption-text\">Grybai karaliai<\/figcaption><\/figure>\n<p>Grybavimas bei uogavimas jau nuo sen\u0173 senov\u0117s buvo lyg sezoninis ritualas.<\/p>\n<p>Iki \u0161i\u0173 dien\u0173, atsl\u016bgus vasaros kar\u0161\u010diams (ma\u017edaug nuo rugs\u0117jo galo iki<\/p>\n<p>lapkri\u010dio m\u0117nesio)\u00a0\u00a0lietuviai griebia savo pintus krep\u0161elius ir neria \u012f mi\u0161k\u0105.<\/p>\n<p>Dru\u017eili\u0173 mi\u0161kas- ne i\u0161imtis, jis priklauso Auk\u0161taitijos nacionaliniam parkui,<\/p>\n<p>kuris garsus gryb\u0173\u00a0(baravyk\u0173, raudoniki\u0173, vovierai\u010di\u0173, lep\u0161i\u0173, kazl\u0117k\u0173 ir t.t. )<\/p>\n<p>gausa.Taigi \u010dia gryb\u0173 rinkimu galima\u00a0m\u0117gautis nuo rugpj\u016b\u010dio galo.<\/p>\n<p>\u0160iame ypatingai \u0161variame ir gaiviame mi\u0161ke\u00a0j\u016bs\u0173 akis neabejotinai \u00a0u\u017eklius<\/p>\n<p>ir u\u017e spalvomis \u017e\u0117rin\u010di\u0173 uog\u0173- m\u0117lyni\u0173, \u017eemuogi\u0173, brukni\u0173, avie\u010di\u0173, gervuogi\u0173,<\/p>\n<p>spanguoli\u0173.Gal\u0117site pasigaminti \u0161vie\u017ei\u0105 uogien\u0119 blynams ar persmeigus<\/p>\n<p>smilg\u0105 uogyt\u0117mis m\u0117gautis gamtos v\u0117riniu ant kaklo .<\/p>\n<p>&nbsp;<\/p>\n<p>&nbsp;<\/p>\n<p style=\"text-align: left;\"><strong><a href=\"http:\/\/www.artigamtos.lt\/wp-content\/uploads\/2014\/08\/IMG_1930-e1407585846793.jpg\" rel=\"lightbox\" title=\"Laisvalaikis\"><img decoding=\"async\" loading=\"lazy\" class=\"alignright wp-image-104 size-medium\" src=\"http:\/\/www.artigamtos.lt\/wp-content\/uploads\/2014\/08\/IMG_1930-300x200.jpg\" alt=\"IMG_1930\" width=\"300\" height=\"200\" \/><\/a>\u00a0 \u00a0 \u00a0 \u00a0 \u00a0 \u00a0 \u00a0 \u00a0 \u00a0 \u00a0 \u00a0 \u00a0 \u00a0 \u00a0 Maudyn\u0117s<\/strong><\/p>\n<p style=\"text-align: left;\"><em>\u00a0 \u00a0 \u00a0 \u00a0 \u00a0 \u00a0 \u00a0 \u00a0 \u00a0Atsigaivink v\u0117sioje up\u0117je!<\/em><\/p>\n<p style=\"text-align: left;\">\u00a0Maudyn\u0117s \u017deimenoje &#8211; ypatingai smagi pramoga,vis\u0173 pirma tod\u0117l,<\/p>\n<p style=\"text-align: left;\">kad vanduo\u00a0i\u0161 tikr\u0173j\u0173\u00a0<span style=\"font-size: 14px;\">atgaivina kar\u0161t\u0105 vasaros dien\u0105. \u010cia \u012fteka daugyb\u0117 \u0161altini\u0173, <\/span><\/p>\n<p style=\"text-align: left;\"><span style=\"font-size: 14px;\">tad vanduo\u00a0<\/span><span style=\"font-size: 14px;\">itin \u0161varus,<\/span><span style=\"font-size: 14px;\">galima dr\u0105siai\u00a0<\/span>savo ryt\u0105prad\u0117ti apsiplovimu \u017deimenos<\/p>\n<p style=\"text-align: left;\">up\u0117je .<\/p>\n<p style=\"text-align: left;\">\n","protected":false},"excerpt":{"rendered":"<p>\u00a0 \u00a0 \u00a0 \u00a0 \u00a0 \u00a0 \u00a0 \u00a0 \u00a0 \u00a0 \u00a0 \u00a0 \u00a0 \u00a0 \u00a0 \u00a0Baidar\u0117s\u00a0 \u00a0 \u00a0 \u00a0 \u00a0 \u00a0 \u00a0 \u00a0 \u00a0 \u00a0Kvie\u010diame leistis \u012f baidari\u0173 \u017eyg\u012f! Pro sodyb\u0105 tekanti \u012fstabaus gro\u017eio up\u0117 -puiki pramoga ne tik atsigaivinti &hellip; <a href=\"https:\/\/www.artigamtos.lt\/?page_id=77\">Continued<\/a><\/p>\n","protected":false},"author":1,"featured_media":98,"parent":0,"menu_order":0,"comment_status":"open","ping_status":"closed","template":"page-feature.php","meta":[],"_links":{"self":[{"href":"https:\/\/www.artigamtos.lt\/index.php?rest_route=\/wp\/v2\/pages\/77"}],"collection":[{"href":"https:\/\/www.artigamtos.lt\/index.php?rest_route=\/wp\/v2\/pages"}],"about":[{"href":"https:\/\/www.artigamtos.lt\/index.php?rest_route=\/wp\/v2\/types\/page"}],"author":[{"embeddable":true,"href":"https:\/\/www.artigamtos.lt\/index.php?rest_route=\/wp\/v2\/users\/1"}],"replies":[{"embeddable":true,"href":"https:\/\/www.artigamtos.lt\/index.php?rest_route=%2Fwp%2Fv2%2Fcomments&post=77"}],"version-history":[{"count":30,"href":"https:\/\/www.artigamtos.lt\/index.php?rest_route=\/wp\/v2\/pages\/77\/revisions"}],"predecessor-version":[{"id":443,"href":"https:\/\/www.artigamtos.lt\/index.php?rest_route=\/wp\/v2\/pages\/77\/revisions\/443"}],"wp:featuredmedia":[{"embeddable":true,"href":"https:\/\/www.artigamtos.lt\/index.php?rest_route=\/wp\/v2\/media\/98"}],"wp:attachment":[{"href":"https:\/\/www.artigamtos.lt\/index.php?rest_route=%2Fwp%2Fv2%2Fmedia&parent=77"}],"curies":[{"name":"wp","href":"https:\/\/api.w.org\/{rel}","templated":true}]}}